{"id":3530,"date":"2025-09-22T09:56:11","date_gmt":"2025-09-22T09:56:11","guid":{"rendered":"https:\/\/hotelnovoa.com\/?page_id=3530"},"modified":"2025-09-22T09:56:11","modified_gmt":"2025-09-22T09:56:11","slug":"politique-de-confidentialite-2","status":"publish","type":"page","link":"https:\/\/hotelnovoa.com\/fr\/politique-de-confidentialite-2\/","title":{"rendered":"Politique de confidentialit\u00e9"},"content":{"rendered":"\n<h6 class=\"wp-block-heading\"><strong>1) Collecte d&rsquo;informations :<\/strong><\/h6>\n\n<ul class=\"wp-block-list\">\n<li>L&rsquo;h\u00f4tel Novoa recueille des informations personnelles telles que le nom, l&rsquo;adresse, le num\u00e9ro de t\u00e9l\u00e9phone et l&rsquo;adresse \u00e9lectronique afin de g\u00e9rer les r\u00e9servations et d&rsquo;am\u00e9liorer ses services.<\/li>\n<\/ul>\n\n<h6 class=\"wp-block-heading\"><strong>2. Utilisation des informations :<\/strong><\/h6>\n\n<ul class=\"wp-block-list\">\n<li>Les informations recueillies sont utilis\u00e9es pour traiter les r\u00e9servations, fournir des services personnalis\u00e9s, signaler des offres sp\u00e9ciales et am\u00e9liorer l&rsquo;exp\u00e9rience globale de nos h\u00f4tes.<\/li>\n<\/ul>\n\n<h6 class=\"wp-block-heading\"><strong>3. Partage d&rsquo;informations :<\/strong><\/h6>\n\n<ul class=\"wp-block-list\">\n<li>L&rsquo;h\u00f4tel Novoa ne partage pas et ne vend pas d&rsquo;informations personnelles \u00e0 des tiers. La confidentialit\u00e9 de vos donn\u00e9es est une priorit\u00e9 pour nous.<\/li>\n<\/ul>\n\n<h6 class=\"wp-block-heading\"><strong>4. S\u00e9curit\u00e9 des donn\u00e9es :<\/strong><\/h6>\n\n<ul class=\"wp-block-list\">\n<li>Nous mettons en \u0153uvre des mesures de s\u00e9curit\u00e9 pour prot\u00e9ger les informations personnelles de nos h\u00f4tes contre l&rsquo;acc\u00e8s non autoris\u00e9, la perte, l&rsquo;alt\u00e9ration ou la divulgation.<\/li>\n<\/ul>\n\n<h6 class=\"wp-block-heading\"><strong>5. Consentement :<\/strong><\/h6>\n\n<ul class=\"wp-block-list\">\n<li>En fournissant vos coordonn\u00e9es, vous consentez \u00e0 la collecte et \u00e0 l&rsquo;utilisation des informations conform\u00e9ment \u00e0 notre politique de confidentialit\u00e9.<\/li>\n<\/ul>\n\n<h6 class=\"wp-block-heading\"><strong>6. Les cookies :<\/strong><\/h6>\n\n<ul class=\"wp-block-list\">\n<li>Nous utilisons des cookies pour am\u00e9liorer l&rsquo;exp\u00e9rience de l&rsquo;utilisateur sur notre site web. Ces cookies collectent des donn\u00e9es pour personnaliser le contenu, analyser le trafic et fournir de la publicit\u00e9 cibl\u00e9e. Si vous souhaitez conna\u00eetre notre politique en mati\u00e8re de cookies, veuillez suivre le lien ci-dessous.  <a href=\"https:\/\/hotelnovoa.com\/fr\/politique-en-matiere-de-cookies-ue\/\" target=\"_blank\" rel=\"noreferrer noopener\">Politique en mati\u00e8re de cookies.<\/a><\/li>\n<\/ul>\n\n<h6 class=\"wp-block-heading\"><strong>7. Acc\u00e8s et contr\u00f4le :<\/strong><\/h6>\n\n<ul class=\"wp-block-list\">\n<li>Les h\u00f4tes ont le droit d&rsquo;acc\u00e9der \u00e0 leurs informations personnelles, de les corriger ou de les supprimer. Pour ce faire, veuillez nous contacter \u00e0 l&rsquo;adresse <a>suivante : info@hotelnovoa.com<\/a>.<\/li>\n<\/ul>\n\n<h6 class=\"wp-block-heading\"><strong>8. Lieu et contact :<\/strong><\/h6>\n\n<ul class=\"wp-block-list\">\n<li>Plaza Constituci\u00f3n N\u00ba4, Sarria, Espagne<\/li>\n\n\n\n<li>T\u00e9l\u00e9phone : 982 60 50 21<\/li>\n\n\n\n<li>Courriel : <a>info@hotelnovoa.com<\/a><\/li>\n<\/ul>\n\n<h6 class=\"wp-block-heading\"><strong>9. Changements de politique :<\/strong><\/h6>\n\n<ul class=\"wp-block-list\">\n<li>Hotel Novoa se r\u00e9serve le droit de modifier cette politique de confidentialit\u00e9 et de cookies. Des mises \u00e0 jour seront publi\u00e9es sur notre site web.<\/li>\n<\/ul>\n\n<p>En choisissant l&rsquo;H\u00f4tel Novoa, vous nous confiez vos informations. Nous nous engageons \u00e0 prot\u00e9ger et \u00e0 respecter votre vie priv\u00e9e et \u00e0 vous offrir une exp\u00e9rience de navigation personnalis\u00e9e gr\u00e2ce \u00e0 l&rsquo;utilisation de cookies.<\/p>\n","protected":false},"excerpt":{"rendered":"<p>1) Collecte d&rsquo;informations : 2. Utilisation des informations : 3. Partage d&rsquo;informations : 4. S\u00e9curit\u00e9 des donn\u00e9es : 5. Consentement : 6. Les cookies : 7. Acc\u00e8s et contr\u00f4le : 8. Lieu et contact : 9. Changements de politique : En choisissant l&rsquo;H\u00f4tel Novoa, vous nous confiez vos informations. Nous nous engageons \u00e0 prot\u00e9ger et [&hellip;]<\/p>\n","protected":false},"author":1,"featured_media":0,"parent":0,"menu_order":0,"comment_status":"closed","ping_status":"closed","template":"","meta":{"site-sidebar-layout":"default","site-content-layout":"","ast-site-content-layout":"normal-width-container","site-content-style":"default","site-sidebar-style":"default","ast-global-header-display":"","ast-banner-title-visibility":"","ast-main-header-display":"","ast-hfb-above-header-display":"","ast-hfb-below-header-display":"","ast-hfb-mobile-header-display":"","site-post-title":"","ast-breadcrumbs-content":"","ast-featured-img":"","footer-sml-layout":"","theme-transparent-header-meta":"disabled","adv-header-id-meta":"","stick-header-meta":"enabled","header-above-stick-meta":"","header-main-stick-meta":"disabled","header-below-stick-meta":"","astra-migrate-meta-layouts":"default","ast-page-background-enabled":"default","ast-page-background-meta":{"desktop":{"background-color":"","background-image":"","background-repeat":"repeat","background-position":"center center","background-size":"auto","background-attachment":"scroll","background-type":"","background-media":"","overlay-type":"","overlay-color":"","overlay-gradient":""},"tablet":{"background-color":"","background-image":"","background-repeat":"repeat","background-position":"center center","background-size":"auto","background-attachment":"scroll","background-type":"","background-media":"","overlay-type":"","overlay-color":"","overlay-gradient":""},"mobile":{"background-color":"","background-image":"","background-repeat":"repeat","background-position":"center center","background-size":"auto","background-attachment":"scroll","background-type":"","background-media":"","overlay-type":"","overlay-color":"","overlay-gradient":""}},"ast-content-background-meta":{"desktop":{"background-color":"var(--ast-global-color-5)","background-image":"","background-repeat":"repeat","background-position":"center center","background-size":"auto","background-attachment":"scroll","background-type":"","background-media":"","overlay-type":"","overlay-color":"","overlay-gradient":""},"tablet":{"background-color":"var(--ast-global-color-5)","background-image":"","background-repeat":"repeat","background-position":"center center","background-size":"auto","background-attachment":"scroll","background-type":"","background-media":"","overlay-type":"","overlay-color":"","overlay-gradient":""},"mobile":{"background-color":"var(--ast-global-color-5)","background-image":"","background-repeat":"repeat","background-position":"center center","background-size":"auto","background-attachment":"scroll","background-type":"","background-media":"","overlay-type":"","overlay-color":"","overlay-gradient":""}},"footnotes":""},"class_list":["post-3530","page","type-page","status-publish","hentry"],"_links":{"self":[{"href":"https:\/\/hotelnovoa.com\/fr\/wp-json\/wp\/v2\/pages\/3530","targetHints":{"allow":["GET"]}}],"collection":[{"href":"https:\/\/hotelnovoa.com\/fr\/wp-json\/wp\/v2\/pages"}],"about":[{"href":"https:\/\/hotelnovoa.com\/fr\/wp-json\/wp\/v2\/types\/page"}],"author":[{"embeddable":true,"href":"https:\/\/hotelnovoa.com\/fr\/wp-json\/wp\/v2\/users\/1"}],"replies":[{"embeddable":true,"href":"https:\/\/hotelnovoa.com\/fr\/wp-json\/wp\/v2\/comments?post=3530"}],"version-history":[{"count":1,"href":"https:\/\/hotelnovoa.com\/fr\/wp-json\/wp\/v2\/pages\/3530\/revisions"}],"predecessor-version":[{"id":3535,"href":"https:\/\/hotelnovoa.com\/fr\/wp-json\/wp\/v2\/pages\/3530\/revisions\/3535"}],"wp:attachment":[{"href":"https:\/\/hotelnovoa.com\/fr\/wp-json\/wp\/v2\/media?parent=3530"}],"curies":[{"name":"wp","href":"https:\/\/api.w.org\/{rel}","templated":true}]}}