{"id":3302,"date":"2024-03-06T09:44:03","date_gmt":"2024-03-06T09:44:03","guid":{"rendered":"https:\/\/hotelnovoa.com\/paxina-de-mostra\/"},"modified":"2024-03-31T10:44:54","modified_gmt":"2024-03-31T10:44:54","slug":"paxina-de-mostra","status":"publish","type":"page","link":"https:\/\/hotelnovoa.com\/gl\/paxina-de-mostra\/","title":{"rendered":"P\u00e1xina de mostra"},"content":{"rendered":"\n<p>Esta \u00e9 unha p\u00e1xina de exemplo. \u00c9 diferente dunha publicaci\u00f3n de blog porque permanecer\u00e1 nun s\u00f3 lugar e aparecer\u00e1 na navegaci\u00f3n do teu sitio (na maior\u00eda dos temas). A maior\u00eda da xente comeza cunha p\u00e1xina Acerca de que os presenta aos visitantes potenciais do sitio. Poder\u00eda dicir algo as\u00ed:<\/p>\n\n<blockquote class=\"wp-block-quote is-layout-flow wp-block-quote-is-layout-flow\"><p>Ola! Son mensaxeiro en bicicleta de d\u00eda, aspirante a actor pola noite, e este \u00e9 o meu sitio web. Vivo en Los \u00c1ngeles, te\u00f1o un gran can que se chama Jack, e g\u00fastanme as pi\u00f1as coladas. (E quedando atrapado pola choiva.)<\/p><\/blockquote>\n\n<p>&#8230; ou algo as\u00ed:<\/p>\n\n<blockquote class=\"wp-block-quote is-layout-flow wp-block-quote-is-layout-flow\"><p>A XYZ Doohickey Company foi fundada en 1971 e desde ent\u00f3n ofrece doohickeys de calidade ao p\u00fablico. Situado en Gotham City, XYZ emprega a m\u00e1is de 2.000 persoas e fai todo tipo de cousas incribles para a comunidade de Gotham.<\/p><\/blockquote>\n\n<p>Como novo usuario de WordPress, debes ir ao <a href=\"https:\/\/hotelnovoa.com\/wp-admin\/\">teu panel<\/a> para eliminar esta p\u00e1xina e crear p\u00e1xinas novas para o teu contido. Div\u00edrtete!<\/p>\n","protected":false},"excerpt":{"rendered":"<p>Esta \u00e9 unha p\u00e1xina de exemplo. \u00c9 diferente dunha publicaci\u00f3n de blog porque permanecer\u00e1 nun s\u00f3 lugar e aparecer\u00e1 na navegaci\u00f3n do teu sitio (na maior\u00eda dos temas). A maior\u00eda da xente comeza cunha p\u00e1xina Acerca de que os presenta aos visitantes potenciais do sitio. Poder\u00eda dicir algo as\u00ed: Ola! Son mensaxeiro en bicicleta de [&hellip;]<\/p>\n","protected":false},"author":1,"featured_media":0,"parent":0,"menu_order":0,"comment_status":"closed","ping_status":"open","template":"","meta":{"site-sidebar-layout":"default","site-content-layout":"","ast-site-content-layout":"default","site-content-style":"default","site-sidebar-style":"default","ast-global-header-display":"","ast-banner-title-visibility":"","ast-main-header-display":"","ast-hfb-above-header-display":"","ast-hfb-below-header-display":"","ast-hfb-mobile-header-display":"","site-post-title":"","ast-breadcrumbs-content":"","ast-featured-img":"","footer-sml-layout":"","ast-disable-related-posts":"","theme-transparent-header-meta":"","adv-header-id-meta":"","stick-header-meta":"","header-above-stick-meta":"","header-main-stick-meta":"","header-below-stick-meta":"","astra-migrate-meta-layouts":"default","ast-page-background-enabled":"default","ast-page-background-meta":{"desktop":{"background-color":"","background-image":"","background-repeat":"repeat","background-position":"center center","background-size":"auto","background-attachment":"scroll","background-type":"","background-media":"","overlay-type":"","overlay-color":"","overlay-opacity":"","overlay-gradient":""},"tablet":{"background-color":"","background-image":"","background-repeat":"repeat","background-position":"center center","background-size":"auto","background-attachment":"scroll","background-type":"","background-media":"","overlay-type":"","overlay-color":"","overlay-opacity":"","overlay-gradient":""},"mobile":{"background-color":"","background-image":"","background-repeat":"repeat","background-position":"center center","background-size":"auto","background-attachment":"scroll","background-type":"","background-media":"","overlay-type":"","overlay-color":"","overlay-opacity":"","overlay-gradient":""}},"ast-content-background-meta":{"desktop":{"background-color":"var(--ast-global-color-4)","background-image":"","background-repeat":"repeat","background-position":"center center","background-size":"auto","background-attachment":"scroll","background-type":"","background-media":"","overlay-type":"","overlay-color":"","overlay-opacity":"","overlay-gradient":""},"tablet":{"background-color":"var(--ast-global-color-4)","background-image":"","background-repeat":"repeat","background-position":"center center","background-size":"auto","background-attachment":"scroll","background-type":"","background-media":"","overlay-type":"","overlay-color":"","overlay-opacity":"","overlay-gradient":""},"mobile":{"background-color":"var(--ast-global-color-4)","background-image":"","background-repeat":"repeat","background-position":"center center","background-size":"auto","background-attachment":"scroll","background-type":"","background-media":"","overlay-type":"","overlay-color":"","overlay-opacity":"","overlay-gradient":""}},"footnotes":""},"class_list":["post-3302","page","type-page","status-publish","hentry"],"_links":{"self":[{"href":"https:\/\/hotelnovoa.com\/gl\/wp-json\/wp\/v2\/pages\/3302","targetHints":{"allow":["GET"]}}],"collection":[{"href":"https:\/\/hotelnovoa.com\/gl\/wp-json\/wp\/v2\/pages"}],"about":[{"href":"https:\/\/hotelnovoa.com\/gl\/wp-json\/wp\/v2\/types\/page"}],"author":[{"embeddable":true,"href":"https:\/\/hotelnovoa.com\/gl\/wp-json\/wp\/v2\/users\/1"}],"replies":[{"embeddable":true,"href":"https:\/\/hotelnovoa.com\/gl\/wp-json\/wp\/v2\/comments?post=3302"}],"version-history":[{"count":1,"href":"https:\/\/hotelnovoa.com\/gl\/wp-json\/wp\/v2\/pages\/3302\/revisions"}],"predecessor-version":[{"id":3305,"href":"https:\/\/hotelnovoa.com\/gl\/wp-json\/wp\/v2\/pages\/3302\/revisions\/3305"}],"wp:attachment":[{"href":"https:\/\/hotelnovoa.com\/gl\/wp-json\/wp\/v2\/media?parent=3302"}],"curies":[{"name":"wp","href":"https:\/\/api.w.org\/{rel}","templated":true}]}}